{"id":124,"date":"2018-05-11T19:14:11","date_gmt":"2018-05-11T19:14:11","guid":{"rendered":"http:\/\/www.erinnerungstropfen.de\/?page_id=124"},"modified":"2020-11-26T19:58:45","modified_gmt":"2020-11-26T19:58:45","slug":"projects-on-hold","status":"publish","type":"page","link":"https:\/\/www.erinnerungstropfen.de\/?page_id=124","title":{"rendered":"Projects on hold"},"content":{"rendered":"\n<p>Sabine Lackner and I formed an accordion duo in 2014 and did quite a few concerts in the meantime. Currently there are no concerts planned in the near future, but they will come again for sure!<\/p>\n\n\n\n<div class=\"wp-block-image is-style-default\"><figure class=\"aligncenter size-large is-resized\"><a href=\"http:\/\/www.erinnerungstropfen.de\/wp-content\/uploads\/2014\/06\/sabine_markus_sw_k.jpg\" data-rel=\"lightbox-image-0\" data-rl_title=\"Duo Sabine Lackner and Markus Mayer\" data-rl_caption=\"\" title=\"Duo Sabine Lackner and Markus Mayer\"><img loading=\"lazy\" decoding=\"async\" src=\"http:\/\/www.erinnerungstropfen.de\/wp-content\/uploads\/2014\/06\/sabine_markus_sw_k-1024x1024.jpg\" alt=\"Duo Sabine Lackner and Markus Mayer\" class=\"wp-image-93\" width=\"512\" height=\"512\" srcset=\"https:\/\/www.erinnerungstropfen.de\/wp-content\/uploads\/2014\/06\/sabine_markus_sw_k-1024x1024.jpg 1024w, https:\/\/www.erinnerungstropfen.de\/wp-content\/uploads\/2014\/06\/sabine_markus_sw_k-150x150.jpg 150w, https:\/\/www.erinnerungstropfen.de\/wp-content\/uploads\/2014\/06\/sabine_markus_sw_k-300x300.jpg 300w, https:\/\/www.erinnerungstropfen.de\/wp-content\/uploads\/2014\/06\/sabine_markus_sw_k-768x768.jpg 768w, https:\/\/www.erinnerungstropfen.de\/wp-content\/uploads\/2014\/06\/sabine_markus_sw_k.jpg 2000w\" sizes=\"auto, (max-width: 512px) 100vw, 512px\" \/><\/a><\/figure><\/div>\n\n\n\n<hr class=\"wp-block-separator is-style-default\"\/>\n\n\n\n<p class=\"has-text-align-left\">&#8220;Erinnerungstropfen&#8221; is my first solo album, recorded 2008-2011, mastered and published 2013. It contains songs of a life with love. Songs of joy passed away, joy in creation, the search for joy and all shades in between.<\/p>\n\n\n\n<p class=\"has-text-align-left\"><i>(German) Mein erstes Solo Album &#8220;Erinnerungstropfen&#8221;, aufgenommen zwischen 2008 und 2011, gemastered und ver\u00f6ffentlicht 2013, enth\u00e4lt Lieder vom Lebem mit der Liebe. Oder auch: Lieder von vergangenem Gl\u00fcck, gerade entstehenden Gl\u00fcck, der Suche nach Gl\u00fcck und den ganzen Schattierungen dazwischen.<\/i><\/p>\n\n\n\n<div class=\"wp-block-responsive-lightbox-gallery\"><div class=\"rl-gallery-container rl-loading\" id=\"rl-gallery-container-1\" data-gallery_id=\"583\"> <div class=\"rl-gallery rl-basicgrid-gallery \" id=\"rl-gallery-1\" data-gallery_no=\"1\"> <div class=\"rl-gallery-item\"><a href=\"https:\/\/www.erinnerungstropfen.de\/wp-content\/uploads\/2020\/05\/Cover_Front_Image_small-300x300.jpg\" title=\"Erinnerungstropfen Cover (Front)\" data-rl_title=\"Erinnerungstropfen Cover (Front)\" class=\"rl-gallery-link\" data-rl_caption=\"\" data-rel=\"lightbox-gallery-1\"><img loading=\"lazy\" decoding=\"async\" src=\"https:\/\/www.erinnerungstropfen.de\/wp-content\/uploads\/2020\/05\/Cover_Front_Image_small-300x300.jpg\" width=\"300\" height=\"300\" \/><\/a><\/div><div class=\"rl-gallery-item\"><a href=\"https:\/\/www.erinnerungstropfen.de\/wp-content\/uploads\/2020\/05\/Cover_Back_Final_h1000-300x233.jpg\" title=\"Erinnerungstropfen Cover (Back)\" data-rl_title=\"Erinnerungstropfen Cover (Back)\" class=\"rl-gallery-link\" data-rl_caption=\"\" data-rel=\"lightbox-gallery-1\"><img loading=\"lazy\" decoding=\"async\" src=\"https:\/\/www.erinnerungstropfen.de\/wp-content\/uploads\/2020\/05\/Cover_Back_Final_h1000-300x233.jpg\" width=\"300\" height=\"233\" \/><\/a><\/div> <\/div> <\/div><\/div>\n\n\n\n<p>Text &amp; Music: Markus Mayer<br>Voice, Guitar, Accordeon, Synth: Markus Mayer<\/p>\n\n\n\n<p>Guests:<br>Bernhard Sauer (Bass on 1)<br>Alexander Fuchs (Double bass on 3)<br>Christian Dannenbrink (Saxophone on 3, 11)<br>Christian Mayer (Klavier on 4, 7)<\/p>\n\n\n\n<p>Recording &amp; Mix: Markus Mayer<br>Master: Jan Ohlhorst<\/p>\n\n\n\n<p>Artwork: Markus Mayer<\/p>\n\n\n\n<p>You can prelisten and download the album at <a rel=\"noreferrer noopener\" href=\"http:\/\/erinnerungstropfen.bandcamp.com\" target=\"_blank\">bandcamp<\/a>.<\/p>\n","protected":false},"excerpt":{"rendered":"<p>Sabine Lackner and I formed an accordion duo in 2014 and did quite a few concerts in the meantime. Currently there are no concerts planned in the near future, but they will come again for sure! &#8220;Erinnerungstropfen&#8221; is my first solo album, recorded 2008-2011, mastered and published 2013. It contains songs of a life with [&hellip;]<\/p>\n","protected":false},"author":1,"featured_media":0,"parent":420,"menu_order":0,"comment_status":"closed","ping_status":"closed","template":"","meta":{"footnotes":""},"class_list":["post-124","page","type-page","status-publish","hentry"],"_links":{"self":[{"href":"https:\/\/www.erinnerungstropfen.de\/index.php?rest_route=\/wp\/v2\/pages\/124","targetHints":{"allow":["GET"]}}],"collection":[{"href":"https:\/\/www.erinnerungstropfen.de\/index.php?rest_route=\/wp\/v2\/pages"}],"about":[{"href":"https:\/\/www.erinnerungstropfen.de\/index.php?rest_route=\/wp\/v2\/types\/page"}],"author":[{"embeddable":true,"href":"https:\/\/www.erinnerungstropfen.de\/index.php?rest_route=\/wp\/v2\/users\/1"}],"replies":[{"embeddable":true,"href":"https:\/\/www.erinnerungstropfen.de\/index.php?rest_route=%2Fwp%2Fv2%2Fcomments&post=124"}],"version-history":[{"count":16,"href":"https:\/\/www.erinnerungstropfen.de\/index.php?rest_route=\/wp\/v2\/pages\/124\/revisions"}],"predecessor-version":[{"id":586,"href":"https:\/\/www.erinnerungstropfen.de\/index.php?rest_route=\/wp\/v2\/pages\/124\/revisions\/586"}],"up":[{"embeddable":true,"href":"https:\/\/www.erinnerungstropfen.de\/index.php?rest_route=\/wp\/v2\/pages\/420"}],"wp:attachment":[{"href":"https:\/\/www.erinnerungstropfen.de\/index.php?rest_route=%2Fwp%2Fv2%2Fmedia&parent=124"}],"curies":[{"name":"wp","href":"https:\/\/api.w.org\/{rel}","templated":true}]}}